{"id":45,"date":"2017-11-09T14:12:22","date_gmt":"2017-11-09T14:12:22","guid":{"rendered":"http:\/\/nonobillag.ch\/?page_id=45"},"modified":"2019-05-14T10:15:07","modified_gmt":"2019-05-14T10:15:07","slug":"bilder","status":"publish","type":"page","link":"https:\/\/nonobillag.rhaps.com\/index.php\/bilder\/","title":{"rendered":"Kleber, Bilder &#038; Videos"},"content":{"rendered":"<p><strong>Kleber<\/strong> und <strong>Plakate<\/strong> &#8211; bestellen bei <a href=\"mailto:rabe@rabe.ch\">RaBe<\/a>.<br \/>\nBilder, animated GIFs und Videos herunterladen:<\/p>\n<p><a href=\"http:\/\/nonobillag.rhaps.com\/wp-content\/uploads\/2017\/11\/nonobillag_pressefreiheit.jpg\"><img loading=\"lazy\" decoding=\"async\" class=\"alignleft size-large wp-image-13\" src=\"http:\/\/nonobillag.rhaps.com\/wp-content\/uploads\/2017\/11\/nonobillag_pressefreiheit-1024x351.jpg\" alt=\"\" width=\"480\" height=\"160\" \/><\/a> <a href=\"http:\/\/nonobillag.rhaps.com\/wp-content\/uploads\/2017\/11\/nonobillag_medienmonopoly.jpg\"><img loading=\"lazy\" decoding=\"async\" class=\"alignleft size-large wp-image-12\" src=\"http:\/\/nonobillag.rhaps.com\/wp-content\/uploads\/2017\/11\/nonobillag_medienmonopoly-1024x351.jpg\" alt=\"\" width=\"480\" height=\"160\" \/><\/a><\/p>\n<p><a href=\"http:\/\/nonobillag.rhaps.com\/wp-content\/uploads\/2017\/11\/nonobillag_blochermedien.jpg\"><img loading=\"lazy\" decoding=\"async\" class=\"alignleft size-large wp-image-11\" src=\"http:\/\/nonobillag.rhaps.com\/wp-content\/uploads\/2017\/11\/nonobillag_blochermedien-1024x344.jpg\" alt=\"\" width=\"480\" height=\"160\" \/><\/a><a href=\"http:\/\/nonobillag.rhaps.com\/wp-content\/uploads\/2017\/12\/nonobillag_kommerz.jpg\"><img loading=\"lazy\" decoding=\"async\" class=\"alignleft size-large wp-image-133\" src=\"http:\/\/nonobillag.rhaps.com\/wp-content\/uploads\/2017\/12\/nonobillag_kommerz-1024x346.jpg\" alt=\"\" width=\"480\" height=\"160\" \/><\/a><\/p>\n<p><a href=\"http:\/\/nonobillag.rhaps.com\/wp-content\/uploads\/2017\/12\/nonobillag_werbung.jpg\"><img loading=\"lazy\" decoding=\"async\" class=\"alignleft size-large wp-image-134\" src=\"http:\/\/nonobillag.rhaps.com\/wp-content\/uploads\/2017\/12\/nonobillag_werbung-1024x346.jpg\" alt=\"\" width=\"480\" height=\"160\" \/><\/a><a href=\"http:\/\/nonobillag.rhaps.com\/wp-content\/uploads\/2017\/12\/nonobillag_medienmassaker.jpg\"><img loading=\"lazy\" decoding=\"async\" class=\"alignleft size-large wp-image-145\" src=\"http:\/\/nonobillag.rhaps.com\/wp-content\/uploads\/2017\/12\/nonobillag_medienmassaker-1024x346.jpg\" alt=\"\" width=\"480\" height=\"160\" \/><\/a><\/p>\n<p><a href=\"http:\/\/nonobillag.rhaps.com\/wp-content\/uploads\/2018\/01\/Plakat_NoBillag_A2_Medien.jpg\"><img loading=\"lazy\" decoding=\"async\" class=\"alignleft size-large wp-image-463\" src=\"http:\/\/nonobillag.rhaps.com\/wp-content\/uploads\/2018\/01\/Plakat_NoBillag_A2_Medien-723x1024.jpg\" alt=\"\" width=\"480\" height=\"685\" \/><\/a><a href=\"http:\/\/nonobillag.rhaps.com\/wp-content\/uploads\/2018\/01\/Plakat_NoBillag_A2_Presse.jpg\"><img loading=\"lazy\" decoding=\"async\" class=\"alignleft size-large wp-image-464\" src=\"http:\/\/nonobillag.rhaps.com\/wp-content\/uploads\/2018\/01\/Plakat_NoBillag_A2_Presse-726x1024.jpg\" alt=\"\" width=\"480\" height=\"685\" \/><\/a><\/p>\n<p><a href=\"http:\/\/nonobillag.rhaps.com\/wp-content\/uploads\/2018\/01\/Plakat_NoBillag_A2_Werbung.jpg\"><img loading=\"lazy\" decoding=\"async\" class=\"alignleft size-large wp-image-465\" src=\"http:\/\/nonobillag.rhaps.com\/wp-content\/uploads\/2018\/01\/Plakat_NoBillag_A2_Werbung-724x1024.jpg\" alt=\"\" width=\"480\" height=\"685\" \/><\/a><br \/>\n<a href=\"http:\/\/nonobillag.rhaps.com\/wp-content\/uploads\/2017\/11\/NoBillagNEIN.gif\"><img loading=\"lazy\" decoding=\"async\" class=\"alignleft size-full wp-image-73\" src=\"http:\/\/nonobillag.rhaps.com\/wp-content\/uploads\/2017\/11\/NoBillagNEIN.gif\" alt=\"\" width=\"480\" height=\"360\" \/><\/a><a href=\"http:\/\/nonobillag.rhaps.com\/wp-content\/uploads\/2017\/11\/NoBillagNEIN_tb.gif\"><img loading=\"lazy\" decoding=\"async\" class=\"alignleft size-full wp-image-75\" src=\"http:\/\/nonobillag.rhaps.com\/wp-content\/uploads\/2017\/11\/NoBillagNEIN_tb.gif\" alt=\"\" width=\"480\" height=\"360\" \/><\/a><\/p>\n<p><a href=\"http:\/\/nonobillag.rhaps.com\/wp-content\/uploads\/2017\/11\/NoBillagNEIN_fcrmb.gif\"><img loading=\"lazy\" decoding=\"async\" class=\"alignleft size-full wp-image-95\" src=\"http:\/\/nonobillag.rhaps.com\/wp-content\/uploads\/2017\/11\/NoBillagNEIN_fcrmb.gif\" alt=\"\" width=\"480\" height=\"360\" \/><\/a><a href=\"http:\/\/nonobillag.rhaps.com\/wp-content\/uploads\/2018\/01\/nonobillag_echo.gif\"><img loading=\"lazy\" decoding=\"async\" class=\"alignleft size-full wp-image-313\" src=\"http:\/\/nonobillag.rhaps.com\/wp-content\/uploads\/2018\/01\/nonobillag_echo.gif\" alt=\"\" width=\"480\" height=\"360\" \/><\/a><\/p>\n<p><a href=\"http:\/\/nonobillag.rhaps.com\/wp-content\/uploads\/2018\/01\/nonobillag_pressefreiheit.gif\"><img loading=\"lazy\" decoding=\"async\" class=\"alignleft size-full wp-image-314\" src=\"http:\/\/nonobillag.rhaps.com\/wp-content\/uploads\/2018\/01\/nonobillag_pressefreiheit.gif\" alt=\"\" width=\"480\" height=\"360\" \/><\/a><a href=\"http:\/\/nonobillag.rhaps.com\/wp-content\/uploads\/2018\/01\/nonobillag_verbloedung.gif\"><img loading=\"lazy\" decoding=\"async\" class=\"alignleft size-full wp-image-315\" src=\"http:\/\/nonobillag.rhaps.com\/wp-content\/uploads\/2018\/01\/nonobillag_verbloedung.gif\" alt=\"\" width=\"480\" height=\"360\" \/><\/a><\/p>\n<p><a href=\"http:\/\/nonobillag.rhaps.com\/wp-content\/uploads\/2018\/01\/nonobillag_werbung.gif\"><img loading=\"lazy\" decoding=\"async\" class=\"alignleft size-full wp-image-316\" src=\"http:\/\/nonobillag.rhaps.com\/wp-content\/uploads\/2018\/01\/nonobillag_werbung.gif\" alt=\"\" width=\"480\" height=\"360\" \/><\/a><a href=\"http:\/\/nonobillag.rhaps.com\/wp-content\/uploads\/2018\/01\/nonobillag_blocher.gif\"><img loading=\"lazy\" decoding=\"async\" class=\"alignleft size-full wp-image-317\" src=\"http:\/\/nonobillag.rhaps.com\/wp-content\/uploads\/2018\/01\/nonobillag_blocher.gif\" alt=\"\" width=\"480\" height=\"360\" \/><\/a><\/p>\n<p><a href=\"http:\/\/nonobillag.rhaps.com\/wp-content\/uploads\/2018\/01\/nonobillag_koeppel.gif\"><img loading=\"lazy\" decoding=\"async\" class=\"alignleft size-full wp-image-452\" src=\"http:\/\/nonobillag.rhaps.com\/wp-content\/uploads\/2018\/01\/nonobillag_koeppel.gif\" alt=\"\" width=\"480\" height=\"360\" \/><\/a><a href=\"http:\/\/nonobillag.rhaps.com\/wp-content\/uploads\/2018\/01\/nonobillag_nochmehrbezahlenn.gif\"><img loading=\"lazy\" decoding=\"async\" class=\"alignleft size-full wp-image-453\" src=\"http:\/\/nonobillag.rhaps.com\/wp-content\/uploads\/2018\/01\/nonobillag_nochmehrbezahlenn.gif\" alt=\"\" width=\"480\" height=\"360\" \/><\/a><\/p>\n<p><a href=\"http:\/\/nonobillag.rhaps.com\/wp-content\/uploads\/2018\/01\/NEINZUNOBILLAG_gross.gif\"><img loading=\"lazy\" decoding=\"async\" class=\"alignleft size-full wp-image-332\" src=\"http:\/\/nonobillag.rhaps.com\/wp-content\/uploads\/2018\/01\/NEINZUNOBILLAG_gross.gif\" alt=\"\" width=\"480\" height=\"480\" \/><\/a><br \/>\n<a href=\"http:\/\/nonobillag.rhaps.com\/wp-content\/uploads\/2017\/11\/nonobillag_Profilbild_Blau-1.png\"><img loading=\"lazy\" decoding=\"async\" class=\"alignnone size-large wp-image-84\" src=\"http:\/\/nonobillag.rhaps.com\/wp-content\/uploads\/2017\/11\/nonobillag_Profilbild_Blau-1-1021x1024.png\" alt=\"\" width=\"480\" height=\"480\" \/><\/a><\/p>\n<p><a href=\"http:\/\/nonobillag.rhaps.com\/wp-content\/uploads\/2017\/11\/nonobillag_Profilbild_Pink-1.png\"><img loading=\"lazy\" decoding=\"async\" class=\"alignnone size-large wp-image-85\" src=\"http:\/\/nonobillag.rhaps.com\/wp-content\/uploads\/2017\/11\/nonobillag_Profilbild_Pink-1-1024x944.png\" alt=\"\" width=\"480\" height=\"480\" \/><\/a><br \/>\n<iframe loading=\"lazy\" width=\"920\" height=\"518\" src=\"https:\/\/www.youtube.com\/embed\/1p6lkhOBtp8?feature=oembed\" frameborder=\"0\" allow=\"autoplay; encrypted-media\" allowfullscreen><\/iframe><\/p>\n<p>Download: <a href=\"http:\/\/nonobillag.rhaps.com\/wp-content\/uploads\/2018\/01\/Medienmassaker_NEIN_bg.mp4\" target=\"_blank\" rel=\"noopener noreferrer\">hohe Qualit\u00e4t<\/a> (204 MB) &#8211; <a href=\"http:\/\/nonobillag.rhaps.com\/wp-content\/uploads\/2018\/01\/Medienmassaker_NEIN.mp4\" target=\"_blank\" rel=\"noopener noreferrer\">mittlere Qualit\u00e4t<\/a> (48 MB)<\/p>\n<p><iframe loading=\"lazy\" width=\"920\" height=\"518\" src=\"https:\/\/www.youtube.com\/embed\/InQbhEr5b1c?feature=oembed\" frameborder=\"0\" allow=\"autoplay; encrypted-media\" allowfullscreen><\/iframe><\/p>\n<p>Download: <a href=\"http:\/\/nonobillag.rhaps.com\/wp-content\/uploads\/2018\/01\/NoNoBillag_PayTV.mp4\" target=\"_blank\" rel=\"noopener noreferrer\">Hohe Qualit\u00e4t<\/a> (100 MB)<\/p>\n<p><iframe loading=\"lazy\" width=\"920\" height=\"518\" src=\"https:\/\/www.youtube.com\/embed\/zltKwpyAXS8?feature=oembed\" frameborder=\"0\" allow=\"autoplay; encrypted-media\" allowfullscreen><\/iframe><\/p>\n<p>Download: <a href=\"http:\/\/nonobillag.rhaps.com\/wp-content\/uploads\/2018\/01\/NoNoBillag_Alarm.mp4\" target=\"_blank\" rel=\"noopener noreferrer\">Hohe Qualit\u00e4t<\/a> (130 MB)<\/p>\n<p><iframe loading=\"lazy\" width=\"920\" height=\"518\" src=\"https:\/\/www.youtube.com\/embed\/ycKvdp8kbOk?feature=oembed\" frameborder=\"0\" allow=\"autoplay; encrypted-media\" allowfullscreen><\/iframe><\/p>\n<p>Download: <a href=\"http:\/\/nonobillag.rhaps.com\/wp-content\/uploads\/2018\/02\/nonobillag_clip.mp4\" target=\"_blank\" rel=\"noopener noreferrer\">Hohe Qualit\u00e4t<\/a> (30 MB)<\/p>\n<p><em>Die Bilder und Videos sind frei verf\u00fcgbar, d\u00fcrfen im Sinn der Interessensgemeinschaft \u00abNEIN zu No-Billag\u00bb heruntergeladen und weiterverbreitet werden.<\/em><\/p>\n","protected":false},"excerpt":{"rendered":"<p>Kleber und Plakate &#8211; bestellen bei RaBe. Bilder, animated GIFs und Videos herunterladen: Download: hohe Qualit\u00e4t (204 MB) &#8211; mittlere Qualit\u00e4t (48 MB) Download: Hohe Qualit\u00e4t (100 MB) Download: Hohe Qualit\u00e4t (130 MB) Download: Hohe Qualit\u00e4t (30 MB) Die Bilder und Videos sind frei verf\u00fcgbar, d\u00fcrfen im Sinn der Interessensgemeinschaft \u00abNEIN zu No-Billag\u00bb heruntergeladen und weiterverbreitet werden. <a class=\"continue-reading-link\" href=\"https:\/\/nonobillag.rhaps.com\/index.php\/bilder\/\">mehr lesen&#8230;<\/a><\/p>\n","protected":false},"author":1,"featured_media":0,"parent":0,"menu_order":0,"comment_status":"closed","ping_status":"closed","template":"","meta":{"footnotes":"","_links_to":"","_links_to_target":""},"class_list":["post-45","page","type-page","status-publish","hentry"],"_links":{"self":[{"href":"https:\/\/nonobillag.rhaps.com\/index.php\/wp-json\/wp\/v2\/pages\/45","targetHints":{"allow":["GET"]}}],"collection":[{"href":"https:\/\/nonobillag.rhaps.com\/index.php\/wp-json\/wp\/v2\/pages"}],"about":[{"href":"https:\/\/nonobillag.rhaps.com\/index.php\/wp-json\/wp\/v2\/types\/page"}],"author":[{"embeddable":true,"href":"https:\/\/nonobillag.rhaps.com\/index.php\/wp-json\/wp\/v2\/users\/1"}],"replies":[{"embeddable":true,"href":"https:\/\/nonobillag.rhaps.com\/index.php\/wp-json\/wp\/v2\/comments?post=45"}],"version-history":[{"count":1,"href":"https:\/\/nonobillag.rhaps.com\/index.php\/wp-json\/wp\/v2\/pages\/45\/revisions"}],"predecessor-version":[{"id":679,"href":"https:\/\/nonobillag.rhaps.com\/index.php\/wp-json\/wp\/v2\/pages\/45\/revisions\/679"}],"wp:attachment":[{"href":"https:\/\/nonobillag.rhaps.com\/index.php\/wp-json\/wp\/v2\/media?parent=45"}],"curies":[{"name":"wp","href":"https:\/\/api.w.org\/{rel}","templated":true}]}}