{"id":16,"date":"2017-11-09T13:41:14","date_gmt":"2017-11-09T13:41:14","guid":{"rendered":"http:\/\/nonobillag.ch\/?page_id=16"},"modified":"2019-05-14T10:13:30","modified_gmt":"2019-05-14T10:13:30","slug":"impressum","status":"publish","type":"page","link":"https:\/\/nonobillag.rhaps.com\/index.php\/impressum\/","title":{"rendered":"Impressum"},"content":{"rendered":"<p><strong>Kontaktadresse<\/strong><\/p>\n<p>nonobillag.ch c\/o RaBe<br \/>\nRandweg 21<br \/>\n3013 Bern<\/p>\n<p>michael@rabe.ch<\/p>\n<p><strong>Haftungsausschluss<\/strong><\/p>\n<p>Die AutorInnen \u00fcbernehmen keinerlei Gew\u00e4hr hinsichtlich der inhaltlichen Richtigkeit, Genauigkeit, Aktualit\u00e4t, Zuverl\u00e4ssigkeit und Vollst\u00e4ndigkeit der Informationen. Haftungsanspr\u00fcche gegen die AutorInnen wegen Sch\u00e4den materieller oder immaterieller Art, welche aus dem Zugriff oder der Nutzung bzw. Nichtnutzung der ver\u00f6ffentlichten Informationen, durch Missbrauch der Verbindung oder durch technische St\u00f6rungen entstanden sind, werden ausgeschlossen.<br \/>\nAlle Angebote sind unverbindlich. Die AutorInnen behalten es sich ausdr\u00fccklich vor, Teile der Seiten oder das gesamte Angebot ohne gesonderte Ank\u00fcndigung zu ver\u00e4ndern, zu erg\u00e4nzen, zu l\u00f6schen oder die Ver\u00f6ffentlichung zeitweise oder endg\u00fcltig einzustellen.<\/p>\n<p><strong>Haftung f\u00fcr Links<\/strong><\/p>\n<p>Verweise und Links auf Webseiten Dritter liegen ausserhalb unseres Verantwortungsbereichs. Es wird jegliche Verantwortung f\u00fcr solche Webseiten abgelehnt. Der Zugriff und die Nutzung solcher Webseiten erfolgen auf eigene Gefahr des Nutzers oder der Nutzerin.<\/p>\n<p><strong>Urheberrechte<\/strong><\/p>\n<p>Die Urheber- und alle anderen Rechte an Inhalten, Bildern, Fotos oder anderen Dateien auf der Webseite geh\u00f6ren ausschliesslich der Interessensgemeinschaft \u201eNEIN zu No-Billag\u201c oder den speziell genannten Rechtsinhaberinnen. F\u00fcr die Reproduktion jeglicher Elemente ist keine Zustimmung der Urheberrechtstr\u00e4gerInnen im Voraus einzuholen unter der Voraussetzung, dass dies im Sinne der Interessensgemeinschaft \u201eNEIN zu No-Billag\u201c geschieht. Es ist erlaubt, das Werk der UrheberInnen zu verbreiten, zu remixen, zu verbessern und darauf aufzubauen, auch kommerziell, solange die UrheberInnen des Originals namentlich genannt werden und dies im Sinne der Interessensgemeinschaft \u201eNEIN zu No-Billag\u201c erfolgt.<\/p>\n","protected":false},"excerpt":{"rendered":"<p>Kontaktadresse nonobillag.ch c\/o RaBe Randweg 21 3013 Bern michael@rabe.ch Haftungsausschluss Die AutorInnen \u00fcbernehmen keinerlei Gew\u00e4hr hinsichtlich der inhaltlichen Richtigkeit, Genauigkeit, Aktualit\u00e4t, Zuverl\u00e4ssigkeit und Vollst\u00e4ndigkeit der Informationen. Haftungsanspr\u00fcche gegen die AutorInnen wegen Sch\u00e4den materieller oder immaterieller Art, welche aus dem Zugriff oder der Nutzung bzw. Nichtnutzung der ver\u00f6ffentlichten Informationen, durch Missbrauch der Verbindung oder durch technische St\u00f6rungen entstanden sind, werden ausgeschlossen. Alle Angebote sind unverbindlich. Die AutorInnen behalten es sich ausdr\u00fccklich vor, Teile der Seiten oder das gesamte Angebot ohne gesonderte Ank\u00fcndigung zu ver\u00e4ndern, zu erg\u00e4nzen, zu l\u00f6schen oder die Ver\u00f6ffentlichung zeitweise oder endg\u00fcltig einzustellen. Haftung f\u00fcr Links Verweise und Links auf Webseiten Dritter liegen ausserhalb unseres Verantwortungsbereichs. Es wird jegliche Verantwortung f\u00fcr solche Webseiten abgelehnt. Der Zugriff und die Nutzung solcher Webseiten erfolgen auf eigene Gefahr des Nutzers oder der Nutzerin. Urheberrechte Die Urheber- und alle anderen Rechte an Inhalten, Bildern, Fotos oder anderen Dateien auf der Webseite geh\u00f6ren ausschliesslich der Interessensgemeinschaft \u201eNEIN zu No-Billag\u201c oder den speziell genannten Rechtsinhaberinnen. F\u00fcr die Reproduktion jeglicher Elemente ist keine Zustimmung der Urheberrechtstr\u00e4gerInnen im Voraus einzuholen unter der Voraussetzung, dass dies im Sinne der Interessensgemeinschaft \u201eNEIN zu No-Billag\u201c geschieht. Es ist erlaubt, das Werk der UrheberInnen zu verbreiten, zu remixen, zu verbessern und darauf aufzubauen, auch kommerziell, solange die UrheberInnen des Originals namentlich genannt werden und dies im Sinne der Interessensgemeinschaft \u201eNEIN zu No-Billag\u201c erfolgt. <a class=\"continue-reading-link\" href=\"https:\/\/nonobillag.rhaps.com\/index.php\/impressum\/\">mehr lesen&#8230;<\/a><\/p>\n","protected":false},"author":1,"featured_media":0,"parent":0,"menu_order":0,"comment_status":"closed","ping_status":"closed","template":"","meta":{"footnotes":"","_links_to":"","_links_to_target":""},"class_list":["post-16","page","type-page","status-publish","hentry"],"_links":{"self":[{"href":"https:\/\/nonobillag.rhaps.com\/index.php\/wp-json\/wp\/v2\/pages\/16","targetHints":{"allow":["GET"]}}],"collection":[{"href":"https:\/\/nonobillag.rhaps.com\/index.php\/wp-json\/wp\/v2\/pages"}],"about":[{"href":"https:\/\/nonobillag.rhaps.com\/index.php\/wp-json\/wp\/v2\/types\/page"}],"author":[{"embeddable":true,"href":"https:\/\/nonobillag.rhaps.com\/index.php\/wp-json\/wp\/v2\/users\/1"}],"replies":[{"embeddable":true,"href":"https:\/\/nonobillag.rhaps.com\/index.php\/wp-json\/wp\/v2\/comments?post=16"}],"version-history":[{"count":3,"href":"https:\/\/nonobillag.rhaps.com\/index.php\/wp-json\/wp\/v2\/pages\/16\/revisions"}],"predecessor-version":[{"id":681,"href":"https:\/\/nonobillag.rhaps.com\/index.php\/wp-json\/wp\/v2\/pages\/16\/revisions\/681"}],"wp:attachment":[{"href":"https:\/\/nonobillag.rhaps.com\/index.php\/wp-json\/wp\/v2\/media?parent=16"}],"curies":[{"name":"wp","href":"https:\/\/api.w.org\/{rel}","templated":true}]}}